{"id":14224,"date":"2026-03-03T00:55:21","date_gmt":"2026-03-03T06:55:21","guid":{"rendered":"https:\/\/netsoft.com\/br\/?page_id=14224"},"modified":"2026-03-03T00:57:01","modified_gmt":"2026-03-03T06:57:01","slug":"politica-de-privacidade","status":"publish","type":"page","link":"https:\/\/netsoft.com\/br\/politica-de-privacidade\/","title":{"rendered":"Pol\u00edtica de Privacidade"},"content":{"rendered":"\t\t<div data-elementor-type=\"wp-page\" data-elementor-id=\"14224\" class=\"elementor elementor-14224\" data-elementor-post-type=\"page\">\n\t\t\t\t<div class=\"elementor-element elementor-element-2a8d1cd e-con-full e-flex e-con e-parent\" data-id=\"2a8d1cd\" data-element_type=\"container\" data-e-type=\"container\" data-settings=\"{&quot;background_background&quot;:&quot;classic&quot;}\">\n\t\t<div class=\"elementor-element elementor-element-46ebc0f e-con-full e-flex e-con e-child\" data-id=\"46ebc0f\" data-element_type=\"container\" data-e-type=\"container\" data-settings=\"{&quot;background_background&quot;:&quot;classic&quot;}\">\n\t\t\t\t<div class=\"elementor-element elementor-element-9bd50d0 elementor-widget__width-initial elementor-widget-laptop__width-initial elementor-widget-mobile__width-initial elementor-widget elementor-widget-heading\" data-id=\"9bd50d0\" data-element_type=\"widget\" data-e-type=\"widget\" data-widget_type=\"heading.default\">\n\t\t\t\t<div class=\"elementor-widget-container\">\n\t\t\t\t\t<h1 class=\"elementor-heading-title elementor-size-default\">Pol\u00edtica de Privacidade<\/h1>\t\t\t\t<\/div>\n\t\t\t\t<\/div>\n\t\t\t\t<\/div>\n\t\t\t\t<\/div>\n\t\t<div class=\"elementor-element elementor-element-d9343ea e-con-full e-flex e-con e-parent\" data-id=\"d9343ea\" data-element_type=\"container\" data-e-type=\"container\" data-settings=\"{&quot;background_background&quot;:&quot;classic&quot;}\">\n\t\t<div class=\"elementor-element elementor-element-d0f63e8 e-con-full e-flex e-con e-child\" data-id=\"d0f63e8\" data-element_type=\"container\" data-e-type=\"container\">\n\t\t\t\t<div class=\"elementor-element elementor-element-4b32309 elementor-widget elementor-widget-text-editor\" data-id=\"4b32309\" data-element_type=\"widget\" data-e-type=\"widget\" data-widget_type=\"text-editor.default\">\n\t\t\t\t<div class=\"elementor-widget-container\">\n\t\t\t\t\t\t\t\t\t<h3 style=\"text-align: center;\"><span style=\"color: #333333;\"><strong><u>POL\u00cdTICA DE PROTE\u00c7\u00c3O DE DADOS PESSOAIS DA NETSOFTWARE TECNOLOGIA BRASIL LTDA.<\/u><\/strong><\/span><\/h3><p>Est\u00e1 \u00e9 a <strong>Pol\u00edtica de Privacidade<\/strong> da <strong>NETSOFTWARE TECNOLOGIA BRASIL LTDA.<\/strong> (doravante \u201c<strong>NETSOFT<\/strong>\u201d), em cumprimento do disposto na LGPD n\u00ba 13.709, de 14 de agosto de 2018 (doravante a \u201cLGPD\u201d).<\/p><p><strong>Endere\u00e7o:\u00a0<\/strong>\u00a0Para efeitos desta <strong>Pol\u00edtica de Privacidade<\/strong>, a <strong>NETSOFT<\/strong> indica como endere\u00e7o localizado na Avenida das Na\u00e7\u00f5es Unidas, n\u00ba 14.261, Conjunto 2501B &#8211; Ala B, Vila Gertrudes, S\u00e3o Paulo-SP, CEP 04794-000. Tamb\u00e9m informa que est\u00e1 inscrita no CNPJ\/MF sob n.\u00ba 46.592.690\/0001-16.<\/p><p><strong>P\u00fablico-Alvo: <\/strong>Essa <strong>Pol\u00edtica de Privacidade<\/strong> destina-se aos seguintes titulares de dados:<\/p><ol><li>clientes e\/ou clientes em potencial;<\/li><li>visitantes do nosso site;<\/li><\/ol><ul><li>terceiros em geral;<\/li><\/ul><ol><li>candidatos a vagas;<\/li><li>ex-s\u00f3cios e ex-colaboradores\u00a0<\/li><li>dependentes de colaboradores<\/li><\/ol><ul><li>prestadores de servi\u00e7os e fornecedores.<\/li><\/ul><p><strong>Dados pessoais que poder\u00e3o ser coletados: <\/strong>\u00a0A <strong>NETSOFT<\/strong> poder\u00e1 coletar dados pessoais necess\u00e1rios \u00e0 solicita\u00e7\u00e3o, an\u00e1lise e formaliza\u00e7\u00e3o do produto ou servi\u00e7o que solicita ou necessita, conforme abaixo relacionados:<\/p><ol><li>Pessoas f\u00edsicas: Seu nome; residencial; RG, CPF, CNH, CTPS, RNE, Passaporte, Carteira de Identidade Profissional emitida por seus respectivos \u00f3rg\u00e3os representativos, n\u00famero do PIS\/PASEP, Cart\u00e3o do SUS, local e data de nascimento; nacionalidade; g\u00eanero; impress\u00e3o digital; assinatura, fotografia, imagens, estado civil; ocupa\u00e7\u00e3o; profiss\u00e3o; atividade ou ramo de neg\u00f3cio ao qual voc\u00ea se dedica; n\u00fameros de telefone, e-mail, refer\u00eancias pessoais ou informa\u00e7\u00f5es de contato (nome, endere\u00e7o, telefone e tempo de conhecimento) e; os seguintes dados financeiros ou patrimoniais quando se fizerem necess\u00e1rios para processamento de pagamentos para o titular: institui\u00e7\u00e3o financeira nas quais possui contas banc\u00e1rias, ag\u00eancias e n\u00fameros de contas.<\/li><li>Pessoas jur\u00eddicas: Nome do representante legal ou do seu preposto que representa esta pessoa jur\u00eddica, sua RG, CPF, CNH, RNE, Passaporte ou Carteira de Identidade Profissional emitida por seus respectivos \u00f3rg\u00e3os representativos data de constitui\u00e7\u00e3o, nacionalidade, profiss\u00e3o, endere\u00e7o de contatos, telefone de contato, e-mail, procura\u00e7\u00e3o com a qual representa sua empresa, quando se tratar de preposto.<\/li><\/ol><p><strong>Finalidade do Tratamento de Dados: <\/strong>\u00a0Os Dados pessoais ser\u00e3o tratados para as seguintes finalidades:<\/p><ul><li>Prestar servi\u00e7os de consultoria em tecnologia da informa\u00e7\u00e3o, suporte t\u00e9cnico, manuten\u00e7\u00e3o e servi\u00e7os em tecnologia ada informa\u00e7\u00e3o, participa\u00e7\u00e3o como quotista ou acionista em outras sociedades no Brasil ou no exterior e representa\u00e7\u00e3o de produtos e servi\u00e7os de outras empresas, dentre outros servi\u00e7os que prestamos para os nossos clientes, preparando contratos diversos, relat\u00f3rios, an\u00e1lises e outros documentos relacionados com as nossas atividades;<\/li><li>Contrata\u00e7\u00e3o de terceiros, prestadores de servi\u00e7os e fornecedores;<\/li><li>Condu\u00e7\u00e3o de processos seletivos e contrata\u00e7\u00e3o de novos talentos e gerenciamento do banco de talentos;<\/li><li>Defesa em processos judiciais ou administrativos;<\/li><li>Cria\u00e7\u00e3o de oportunidades de apresentar nossas solu\u00e7\u00f5es para os nossos clientes e potenciais clientes;<\/li><li>Gest\u00e3o cont\u00e1bil e financeira, para emiss\u00e3o de notas fiscais pelos servi\u00e7os prestados e acompanhamento do pagamento;<\/li><li>Envio de convites, publica\u00e7\u00f5es e comunicados diversos;<\/li><li>Cadastro e controle de visitantes em nossas unidades;<\/li><li>Monitoramento de visitantes atrav\u00e9s de c\u00e2meras de seguran\u00e7a;<\/li><li>Presta\u00e7\u00e3o de suporte aos usu\u00e1rios;<\/li><li>Condu\u00e7\u00e3o de processos seletivos;<\/li><li>Armazenamento de dados de ex-colaboradores para exerc\u00edcio regular de direitos;<\/li><li>Atendimento a demandas e solicita\u00e7\u00f5es de ex-s\u00f3cios ou ex-colaboradores;<\/li><li>Grava\u00e7\u00e3o de reuni\u00f5es;<\/li><li>Pesquisa de satisfa\u00e7\u00e3o de clientes;<\/li><li>Busca de antecedentes atrav\u00e9s de fontes de informa\u00e7\u00f5es oficiais, para subsidiar a presta\u00e7\u00e3o de servi\u00e7os;<\/li><li>Realiza\u00e7\u00e3o de investiga\u00e7\u00f5es em virtude de evento danoso (ou suspeita) para subsidiar a presta\u00e7\u00e3o de servi\u00e7os, a fim de fornecer elementos para confirmar se houve irregularidades;<\/li><li>Cumprimento de obriga\u00e7\u00f5es fiscais, bem como de ordens judiciais ou de autoridades administrativas;<\/li><li>Realiza\u00e7\u00e3o de encontros, workshops e outros eventos presenciais ou online;<\/li><li>Cadastro para a libera\u00e7\u00e3o de acessos e posterior atendimento;<\/li><li>Participa\u00e7\u00e3o de programas promovidos pela <strong>NETSOFT<\/strong> voltados a clientes, funcion\u00e1rios, terceiros e p\u00fablicos em geral.<\/li><\/ul><p><strong>Formas de Coletas de Dados: <\/strong>\u00a0Os dados pessoais ser\u00e3o coletados pela <strong>NETSOFT,<\/strong> principalmente, pelas seguintes formas: (a) diretamente do Titular dos Dados quando necess\u00e1rios para dar in\u00edcio e manter uma rela\u00e7\u00e3o comercial e\/ou contratual com este, para inclus\u00e3o em sistemas eletr\u00f4nicos mantidos pela <strong>NETSOFT<\/strong> ou por parceiros e; (b) provenientes de terceiros, por exemplo, dados fornecidos por nossos clientes e prestadores de servi\u00e7os pessoas jur\u00eddicas em rela\u00e7\u00e3o aos seus funcion\u00e1rios, terceiros que prestam servi\u00e7os para eles, parceiros que nos auxiliam com o recrutamento e sele\u00e7\u00e3o de talentos, etc.<\/p><p><strong>Dados de Menores de Idade: <\/strong>Preferencialmente, a <strong>NETSOFT<\/strong> n\u00e3o coleta dados de menores de 18 anos ou emancipados, sendo que se houver necessidade de coleta e tratamento de dados pessoais destes titulares, o consentimento dos pais ou respons\u00e1vel legal ser\u00e1 solicitado, respeitadas as exig\u00eancias legais para o tratamento destes dados pessoais.<\/p><p><strong>Bases Legais para Tratamento de Dados: <\/strong>A <strong>NETSOFT<\/strong> trata dados pessoais, quando controladora do tratamento de dados pessoais, com fundamento nas seguintes bases legais previstas na LGPD: (a) Consentimento; (b) Cumprimento de Obriga\u00e7\u00e3o Legal ou Regulat\u00f3ria; (c) Execu\u00e7\u00e3o de Contratos; (d) Prote\u00e7\u00e3o ao Cr\u00e9dito; (e) Exerc\u00edcio Regular de Direitos; (f) Garantia de Preven\u00e7\u00e3o \u00e0 Fraudes e Seguran\u00e7a dos Titulares e; (g) Leg\u00edtimo Interesse.<\/p><p>Em muitos casos a <strong>NETSOFT<\/strong> atua como operadora de dados, em atendimento \u00e0s atividades de tratamento de dados de nossos clientes. Os dados pessoais (bem como outras informa\u00e7\u00f5es que n\u00e3o sejam considerados dados pessoais) coletados para a presta\u00e7\u00e3o de servi\u00e7os ou seu fornecimento, ser\u00e3o tratados como confidenciais e utilizados exclusivamente na referida presta\u00e7\u00e3o de servi\u00e7os.<\/p><p><strong>Transfer\u00eancia de Dados Pessoais: <\/strong>A <strong>NETSOFT<\/strong> poder\u00e1 transferir os dados pessoais coletados a terceiros nacionais ou estrangeiros somente quando tiver respaldo legal para tanto e medidas de seguran\u00e7a contratualmente estabelecidas para que sejam utilizados mecanismos de prote\u00e7\u00e3o dos dados pessoais adequados \u00e0 legisla\u00e7\u00e3o, em especial (a) para suas afiliadas, subsidi\u00e1rias, controladoras, associadas, comissionistas ou empresas integrantes do mesmo grupo econ\u00f4mico. grupo ao qual pertence <strong>NETSOFT<\/strong>, a fim de fornecer adequadamente os servi\u00e7os e\/ou produtos contratados ou adquiridos por seus clientes; (b) terceiros que nos auxiliam a prestar servi\u00e7o para nossos clientes e\/ou fornecem aplicativos e nos auxiliam com solu\u00e7\u00f5es tecnol\u00f3gicas, por exemplo, servi\u00e7os de armazenamento em nuvem, gerenciadores de projetos, dentre outras ferramentas; (c) clientes, quando o compartilhamento de dados pessoais se faz necess\u00e1rio para prestas servi\u00e7os pelos quais a <strong>NETSOFT<\/strong> foi contratada; (d) <strong>s<\/strong>eguradoras, planos de sa\u00fade e profissionais aut\u00f4nomos que realizam atividades relacionadas com as atividade da<strong> NETSOFT<\/strong> e; (e) \u00f3rg\u00e3os p\u00fablicos, ag\u00eancias reguladoras ou, ainda, terceiros que devem receber os dados em virtude de lei ou regulamento ao qual a <strong>NETSOFT<\/strong> \u00e9 obrigada a seguir. O consentimento para a transfer\u00eancia dos seus dados pessoais ser\u00e1 considerado concedido, a menos que voc\u00ea expresse a sua oposi\u00e7\u00e3o a esse respeito e seja apropriado.<\/p><p><strong>Contato com o Encarregado de Tratamento de Dados da Contato com o Encarregado de Tratamento de Dados da Habillis: <\/strong>O titular de dados pessoais poder\u00e1 exercer seus direitos diretamente ou por meio de representante legalmente constitu\u00eddo, atrav\u00e9s do e-mail <a href=\"mailto:dpo@netsoft.com\">dpo@netsoft.com<\/a>.<\/p><p>O encarregado de tratamento de dados pessoais indicado pela <strong>NETSOFT<\/strong> \u00e9: Marlene Rosas, Marketing Manager<\/p><p><strong>Direitos do Titular de Dados Pessoais:<\/strong> Constituem direitos do titular de dados pessoais:<\/p><p>I \u2013 a confirma\u00e7\u00e3o da exist\u00eancia de tratamento;<\/p><p>II -o acesso aos seus dados pessoais utilizados no tratamento de dados pessoais;<\/p><p>III \u2013 solicitar corre\u00e7\u00e3o de dados incompletos, inexatos ou desatualizados;<\/p><p>IV \u2013 solicitar a anonimiza\u00e7\u00e3o, bloqueio ou elimina\u00e7\u00e3o de dados desnecess\u00e1rios, excessivos ou tratados em desconformidade com o disposto nesta Lei;<\/p><p>V \u2013 solicitar a portabilidade dos dados a outro fornecedor de servi\u00e7o ou produto, mediante requisi\u00e7\u00e3o expressa, de acordo com a regulamenta\u00e7\u00e3o da autoridade nacional, observados os segredos comercial e industrial;<\/p><p>VI \u2013 solicitar elimina\u00e7\u00e3o dos dados pessoais tratados com o consentimento do titular, exceto nas hip\u00f3teses previstas no art. 16 desta Lei;<\/p><p>VII \u2013 receber informa\u00e7\u00e3o das entidades p\u00fablicas e privadas com as quais o controlador realizou uso compartilhado de dados;<\/p><p>VIII \u2013 receber a informa\u00e7\u00e3o sobre a possibilidade de n\u00e3o fornecer consentimento e sobre as consequ\u00eancias da negativa, bem como a possibilidade de revoga\u00e7\u00e3o do consentimento.<\/p><p>\u00c9 importante mencionar que o exerc\u00edcio de qualquer um destes direitos n\u00e3o \u00e9 um pr\u00e9-requisito nem impede o exerc\u00edcio de outro direito. Desde j\u00e1 o titular de dados pessoais est\u00e1 ciente que o exerc\u00edcio de eventual direito seu poder\u00e1 n\u00e3o ser atendido pela <strong>NETSOFT<\/strong>, desde que, justificadamente, existiam motivos legais ou necess\u00e1rios ao tratamento de dados, que ser\u00e3o apresentados de forma transparente pela <strong>NETSOFT.<\/strong><\/p><p>A solicita\u00e7\u00e3o dos direitos do titular de dados pessoais dever\u00e1 conter e acompanhar: (i) o nome do titular, endere\u00e7o e e-mail para comunicar a resposta \u00e0 sua solicita\u00e7\u00e3o; (ii) documentos que comprovem a identidade ou, quando for o caso, a representa\u00e7\u00e3o legal do titular; como c\u00f3pia de documento de identifica\u00e7\u00e3o oficial v\u00e1lido, procura\u00e7\u00e3o, etc.; (iii) a descri\u00e7\u00e3o clara e precisa dos dados pessoais relativamente aos quais se pretende exercer algum dos direitos acima mencionados; (iv) qualquer outro elemento ou documento que facilite a localiza\u00e7\u00e3o de dados pessoais e; (v) quaisquer outras informa\u00e7\u00f5es que sejam necess\u00e1rias para o cumprimento dos direitos do titular de dados pessoais.<\/p><p><strong>Pol\u00edtica de Cookies: <\/strong>O site <a href=\"https:\/\/netsoft.com\/br\/contato-netsoft\/#brasil\">https:\/\/netsoft.com\/br\/contato-netsoft\/#brasil<\/a> utiliza cookies, que s\u00e3o pequenos arquivos baixados no seu computador, para melhorar sua experi\u00eancia. Esta p\u00e1gina descreve quais informa\u00e7\u00f5es s\u00e3o coletadas atrav\u00e9s de cookies, como a <strong>NETSOFT<\/strong> e, porque, \u00e0s vezes, \u00e9 necess\u00e1rio o armazenamento cookies. Informamos, aqui, como o usu\u00e1rio pode impedir que esses cookies sejam armazenados. No entanto, desde j\u00e1 alertamos que isso pode fazer o <em>downgrade<\/em> ou &#8216;quebrar&#8217; certos elementos da funcionalidade do site.<\/p><p>A <strong>NETSOFT<\/strong> utiliza dos seguintes tipos de cookies:<\/p><p><strong>Cookies estritamente necess\u00e1rios<\/strong><\/p><p>S\u00e3o exigidos para o funcionamento do site e n\u00e3o podem ser desconsiderados dos nossos sistemas. Geralmente s\u00e3o ativados apenas em resposta a a\u00e7\u00f5es do usu\u00e1rio como um pedido de servi\u00e7os \u2013 por exemplo, <strong>configurar<\/strong> suas prefer\u00eancias de privacidade, efetuar login ou preencher formul\u00e1rios. O usu\u00e1rio pode configurar seu navegador para bloquear esses cookies ou avis\u00e1-lo da exist\u00eancia deles. No entanto, algumas funcionalidades do site talvez sejam perdidas. Esses cookies n\u00e3o armazenam qualquer tipo de informa\u00e7\u00e3o pessoal que identifique seu titular.<\/p><p><strong>Cookies anal\u00edticos<\/strong><\/p><p>Permitem analisar o n\u00famero e volume de visitas ao site, bem como a origem dos visitantes, para medir e melhorar o desempenho do site. Esses cookies nos ajudam a saber quais p\u00e1ginas s\u00e3o mais e menos populares e como os visitantes se comportam dentro do site. Todas as informa\u00e7\u00f5es que esses cookies coletam s\u00e3o agregadas de forma an\u00f4nima. Se o usu\u00e1rio bloquear esses cookies, a <strong>NETSOFT<\/strong> n\u00e3o detectar\u00e1 sua visita e isso afetar\u00e1 a nossa capacidade de monitorar o desempenho do site.<\/p><p>Em alguns casos especiais, a <strong>NETSOFT<\/strong> pode se valer de cookies de terceiros confi\u00e1veis, como <em>google \u2013 analytics<\/em>, <em>psb.taboola.com<\/em> e <em>px.ads.linkedin.com<\/em>, que s\u00e3o utilizados para medir quanto tempo o usu\u00e1rio passa no site ou quais as p\u00e1ginas do site visitada.<\/p><p><strong>Cookies de desempenho<\/strong><\/p><p>S\u00e3o utilizados para aprimorar o funcionamento do site, coletando dados como p\u00e1ginas visitadas, mensagens de erro e outras informa\u00e7\u00f5es relevantes para o desempenho do site. Esse tipo de cookie n\u00e3o coleta informa\u00e7\u00f5es de identifica\u00e7\u00e3o pessoal. Toda informa\u00e7\u00e3o \u00e9 obtida de forma agregada e an\u00f4nima.<\/p><p><strong>Cookies de publicidade<\/strong><\/p><p>A <strong>NETSOFT<\/strong> pode apresentar an\u00fancios em outros sites para promover servi\u00e7os, artigos ou eventos relevantes. Esses cookies s\u00e3o utilizados para mostrar ao usu\u00e1rio as mensagens publicit\u00e1rias mais relevantes, de acordo com o seu perfil. Tamb\u00e9m executam fun\u00e7\u00f5es como impedir que o mesmo an\u00fancio apare\u00e7a continuamente. Esses an\u00fancios destinam-se exclusivamente a tornar o usu\u00e1rio ciente das promo\u00e7\u00f5es relevantes da <strong>NETSOFT<\/strong>.<\/p><p><strong>Modifica\u00e7\u00f5es na Pol\u00edtica de Privacidade: <\/strong>Qualquer modifica\u00e7\u00e3o nesta <strong>Pol\u00edtica de Privacidade<\/strong> ser\u00e1 notificada aos usu\u00e1rios por meio de informa\u00e7\u00f5es em <em>privacy banner<\/em> ou mesmo diretamente nesta <strong>Pol\u00edtica de Privacidade<\/strong>. Recomendamos ao usu\u00e1rio visitar periodicamente esta p\u00e1gina para que tenha conhecimento sobre eventuais modifica\u00e7\u00f5es.<\/p><p>\u00daltima atualiza\u00e7\u00e3o:\u00a0\u00a0<u>01 de julho de 2024.<\/u><\/p>\t\t\t\t\t\t\t\t<\/div>\n\t\t\t\t<\/div>\n\t\t\t\t<\/div>\n\t\t\t\t<\/div>\n\t\t\t\t<\/div>\n\t\t","protected":false},"excerpt":{"rendered":"<p>Pol\u00edtica de Privacidade POL\u00cdTICA DE PROTE\u00c7\u00c3O DE DADOS PESSOAIS DA NETSOFTWARE TECNOLOGIA BRASIL LTDA. Est\u00e1 \u00e9 a Pol\u00edtica de Privacidade da NETSOFTWARE TECNOLOGIA BRASIL LTDA. (doravante \u201cNETSOFT\u201d), em cumprimento&hellip;<\/p>\n","protected":false},"author":1,"featured_media":0,"parent":0,"menu_order":0,"comment_status":"closed","ping_status":"closed","template":"","meta":{"content-type":"","_joinchat":[],"footnotes":""},"class_list":["post-14224","page","type-page","status-publish","hentry"],"yoast_head":"<!-- This site is optimized with the Yoast SEO plugin v27.2 - https:\/\/yoast.com\/product\/yoast-seo-wordpress\/ -->\n<title>Pol\u00edtica de Privacidade - Netsoft<\/title>\n<meta name=\"robots\" content=\"noindex, follow, max-snippet:-1, max-image-preview:large, max-video-preview:-1\" \/>\n<meta property=\"og:locale\" content=\"pt_BR\" \/>\n<meta property=\"og:type\" content=\"article\" \/>\n<meta property=\"og:title\" content=\"Pol\u00edtica de Privacidade - Netsoft\" \/>\n<meta property=\"og:description\" content=\"Pol\u00edtica de Privacidade POL\u00cdTICA DE PROTE\u00c7\u00c3O DE DADOS PESSOAIS DA NETSOFTWARE TECNOLOGIA BRASIL LTDA. Est\u00e1 \u00e9 a Pol\u00edtica de Privacidade da NETSOFTWARE TECNOLOGIA BRASIL LTDA. (doravante \u201cNETSOFT\u201d), em cumprimento&hellip;\" \/>\n<meta property=\"og:url\" content=\"https:\/\/netsoft.com\/br\/politica-de-privacidade\/\" \/>\n<meta property=\"og:site_name\" content=\"Netsoft\" \/>\n<meta property=\"article:modified_time\" content=\"2026-03-03T06:57:01+00:00\" \/>\n<meta name=\"twitter:card\" content=\"summary_large_image\" \/>\n<meta name=\"twitter:label1\" content=\"Est. tempo de leitura\" \/>\n\t<meta name=\"twitter:data1\" content=\"9 minutos\" \/>\n<script type=\"application\/ld+json\" class=\"yoast-schema-graph\">{\"@context\":\"https:\/\/schema.org\",\"@graph\":[{\"@type\":\"WebPage\",\"@id\":\"https:\/\/netsoft.com\/br\/politica-de-privacidade\/\",\"url\":\"https:\/\/netsoft.com\/br\/politica-de-privacidade\/\",\"name\":\"Pol\u00edtica de Privacidade - Netsoft\",\"isPartOf\":{\"@id\":\"https:\/\/netsoft.com\/br\/#website\"},\"datePublished\":\"2026-03-03T06:55:21+00:00\",\"dateModified\":\"2026-03-03T06:57:01+00:00\",\"breadcrumb\":{\"@id\":\"https:\/\/netsoft.com\/br\/politica-de-privacidade\/#breadcrumb\"},\"inLanguage\":\"pt-BR\",\"potentialAction\":[{\"@type\":\"ReadAction\",\"target\":[\"https:\/\/netsoft.com\/br\/politica-de-privacidade\/\"]}]},{\"@type\":\"BreadcrumbList\",\"@id\":\"https:\/\/netsoft.com\/br\/politica-de-privacidade\/#breadcrumb\",\"itemListElement\":[{\"@type\":\"ListItem\",\"position\":1,\"name\":\"Inicio\",\"item\":\"https:\/\/netsoft.com\/br\/\"},{\"@type\":\"ListItem\",\"position\":2,\"name\":\"Pol\u00edtica de Privacidade\"}]},{\"@type\":\"WebSite\",\"@id\":\"https:\/\/netsoft.com\/br\/#website\",\"url\":\"https:\/\/netsoft.com\/br\/\",\"name\":\"Netsoft\",\"description\":\"\",\"publisher\":{\"@id\":\"https:\/\/netsoft.com\/br\/#organization\"},\"potentialAction\":[{\"@type\":\"SearchAction\",\"target\":{\"@type\":\"EntryPoint\",\"urlTemplate\":\"https:\/\/netsoft.com\/br\/?s={search_term_string}\"},\"query-input\":{\"@type\":\"PropertyValueSpecification\",\"valueRequired\":true,\"valueName\":\"search_term_string\"}}],\"inLanguage\":\"pt-BR\"},{\"@type\":\"Organization\",\"@id\":\"https:\/\/netsoft.com\/br\/#organization\",\"name\":\"Netsoft\",\"url\":\"https:\/\/netsoft.com\/br\/\",\"logo\":{\"@type\":\"ImageObject\",\"inLanguage\":\"pt-BR\",\"@id\":\"https:\/\/netsoft.com\/br\/#\/schema\/logo\/image\/\",\"url\":\"https:\/\/netsoft.com\/br\/wp-content\/uploads\/2018\/08\/logo-netsoft.svg\",\"contentUrl\":\"https:\/\/netsoft.com\/br\/wp-content\/uploads\/2018\/08\/logo-netsoft.svg\",\"width\":1770,\"height\":660,\"caption\":\"Netsoft\"},\"image\":{\"@id\":\"https:\/\/netsoft.com\/br\/#\/schema\/logo\/image\/\"}}]}<\/script>\n<!-- \/ Yoast SEO plugin. -->","yoast_head_json":{"title":"Pol\u00edtica de Privacidade - Netsoft","robots":{"index":"noindex","follow":"follow","max-snippet":"max-snippet:-1","max-image-preview":"max-image-preview:large","max-video-preview":"max-video-preview:-1"},"og_locale":"pt_BR","og_type":"article","og_title":"Pol\u00edtica de Privacidade - Netsoft","og_description":"Pol\u00edtica de Privacidade POL\u00cdTICA DE PROTE\u00c7\u00c3O DE DADOS PESSOAIS DA NETSOFTWARE TECNOLOGIA BRASIL LTDA. Est\u00e1 \u00e9 a Pol\u00edtica de Privacidade da NETSOFTWARE TECNOLOGIA BRASIL LTDA. (doravante \u201cNETSOFT\u201d), em cumprimento&hellip;","og_url":"https:\/\/netsoft.com\/br\/politica-de-privacidade\/","og_site_name":"Netsoft","article_modified_time":"2026-03-03T06:57:01+00:00","twitter_card":"summary_large_image","twitter_misc":{"Est. tempo de leitura":"9 minutos"},"schema":{"@context":"https:\/\/schema.org","@graph":[{"@type":"WebPage","@id":"https:\/\/netsoft.com\/br\/politica-de-privacidade\/","url":"https:\/\/netsoft.com\/br\/politica-de-privacidade\/","name":"Pol\u00edtica de Privacidade - Netsoft","isPartOf":{"@id":"https:\/\/netsoft.com\/br\/#website"},"datePublished":"2026-03-03T06:55:21+00:00","dateModified":"2026-03-03T06:57:01+00:00","breadcrumb":{"@id":"https:\/\/netsoft.com\/br\/politica-de-privacidade\/#breadcrumb"},"inLanguage":"pt-BR","potentialAction":[{"@type":"ReadAction","target":["https:\/\/netsoft.com\/br\/politica-de-privacidade\/"]}]},{"@type":"BreadcrumbList","@id":"https:\/\/netsoft.com\/br\/politica-de-privacidade\/#breadcrumb","itemListElement":[{"@type":"ListItem","position":1,"name":"Inicio","item":"https:\/\/netsoft.com\/br\/"},{"@type":"ListItem","position":2,"name":"Pol\u00edtica de Privacidade"}]},{"@type":"WebSite","@id":"https:\/\/netsoft.com\/br\/#website","url":"https:\/\/netsoft.com\/br\/","name":"Netsoft","description":"","publisher":{"@id":"https:\/\/netsoft.com\/br\/#organization"},"potentialAction":[{"@type":"SearchAction","target":{"@type":"EntryPoint","urlTemplate":"https:\/\/netsoft.com\/br\/?s={search_term_string}"},"query-input":{"@type":"PropertyValueSpecification","valueRequired":true,"valueName":"search_term_string"}}],"inLanguage":"pt-BR"},{"@type":"Organization","@id":"https:\/\/netsoft.com\/br\/#organization","name":"Netsoft","url":"https:\/\/netsoft.com\/br\/","logo":{"@type":"ImageObject","inLanguage":"pt-BR","@id":"https:\/\/netsoft.com\/br\/#\/schema\/logo\/image\/","url":"https:\/\/netsoft.com\/br\/wp-content\/uploads\/2018\/08\/logo-netsoft.svg","contentUrl":"https:\/\/netsoft.com\/br\/wp-content\/uploads\/2018\/08\/logo-netsoft.svg","width":1770,"height":660,"caption":"Netsoft"},"image":{"@id":"https:\/\/netsoft.com\/br\/#\/schema\/logo\/image\/"}}]}},"_links":{"self":[{"href":"https:\/\/netsoft.com\/br\/wp-json\/wp\/v2\/pages\/14224","targetHints":{"allow":["GET"]}}],"collection":[{"href":"https:\/\/netsoft.com\/br\/wp-json\/wp\/v2\/pages"}],"about":[{"href":"https:\/\/netsoft.com\/br\/wp-json\/wp\/v2\/types\/page"}],"author":[{"embeddable":true,"href":"https:\/\/netsoft.com\/br\/wp-json\/wp\/v2\/users\/1"}],"replies":[{"embeddable":true,"href":"https:\/\/netsoft.com\/br\/wp-json\/wp\/v2\/comments?post=14224"}],"version-history":[{"count":13,"href":"https:\/\/netsoft.com\/br\/wp-json\/wp\/v2\/pages\/14224\/revisions"}],"predecessor-version":[{"id":14237,"href":"https:\/\/netsoft.com\/br\/wp-json\/wp\/v2\/pages\/14224\/revisions\/14237"}],"wp:attachment":[{"href":"https:\/\/netsoft.com\/br\/wp-json\/wp\/v2\/media?parent=14224"}],"curies":[{"name":"wp","href":"https:\/\/api.w.org\/{rel}","templated":true}]}}