{"id":3212,"date":"2025-12-23T10:57:24","date_gmt":"2025-12-23T16:57:24","guid":{"rendered":"https:\/\/netsoft.com\/br\/?page_id=3212"},"modified":"2026-03-24T17:55:48","modified_gmt":"2026-03-24T20:55:48","slug":"contato","status":"publish","type":"page","link":"https:\/\/netsoft.com\/br\/contato\/","title":{"rendered":"Contato"},"content":{"rendered":"\t\t<div data-elementor-type=\"wp-page\" data-elementor-id=\"3212\" class=\"elementor elementor-3212\" data-elementor-post-type=\"page\">\n\t\t\t\t<div class=\"elementor-element elementor-element-79d8e97a e-con-full e-flex e-con e-parent\" data-id=\"79d8e97a\" data-element_type=\"container\" data-e-type=\"container\" data-settings=\"{&quot;background_background&quot;:&quot;classic&quot;}\">\n\t\t\t\t<div class=\"elementor-element elementor-element-37696295 animated-slow elementor-invisible elementor-widget elementor-widget-heading\" data-id=\"37696295\" data-element_type=\"widget\" data-e-type=\"widget\" data-settings=\"{&quot;_animation&quot;:&quot;slideInUp&quot;}\" data-widget_type=\"heading.default\">\n\t\t\t\t<div class=\"elementor-widget-container\">\n\t\t\t\t\t<h2 class=\"elementor-heading-title elementor-size-default\">Contato<\/h2>\t\t\t\t<\/div>\n\t\t\t\t<\/div>\n\t\t\t\t<\/div>\n\t\t\t\t<section class=\"elementor-section elementor-top-section elementor-element elementor-element-28ee266 elementor-section-boxed elementor-section-height-default elementor-section-height-default\" data-id=\"28ee266\" data-element_type=\"section\" data-e-type=\"section\" data-settings=\"{&quot;background_background&quot;:&quot;classic&quot;}\">\n\t\t\t\t\t\t<div class=\"elementor-container elementor-column-gap-custom\">\n\t\t\t\t\t<div class=\"elementor-column elementor-col-50 elementor-top-column elementor-element elementor-element-907b73a sc_layouts_column_icons_position_left\" data-id=\"907b73a\" data-element_type=\"column\" data-e-type=\"column\">\n\t\t\t<div class=\"elementor-widget-wrap elementor-element-populated\">\n\t\t\t\t\t\t<div class=\"elementor-element elementor-element-9744a37 elementor-widget elementor-widget-text-editor\" data-id=\"9744a37\" data-element_type=\"widget\" data-e-type=\"widget\" data-widget_type=\"text-editor.default\">\n\t\t\t\t<div class=\"elementor-widget-container\">\n\t\t\t\t\t\t\t\t\t<p>Brasil<\/p>\t\t\t\t\t\t\t\t<\/div>\n\t\t\t\t<\/div>\n\t\t\t\t<div class=\"elementor-element elementor-element-e5fde8c elementor-widget elementor-widget-text-editor\" data-id=\"e5fde8c\" data-element_type=\"widget\" data-e-type=\"widget\" data-widget_type=\"text-editor.default\">\n\t\t\t\t<div class=\"elementor-widget-container\">\n\t\t\t\t\t\t\t\t\t<p>Av. Das Na\u00e7\u00f5es Unidas, 14261 \u2013 Ala B, 25 Andar Vila Gertrudes S\u00e3o Paulo, SP 04794-000<\/p>\t\t\t\t\t\t\t\t<\/div>\n\t\t\t\t<\/div>\n\t\t\t\t<div class=\"elementor-element elementor-element-2223250 elementor-widget elementor-widget-trx_widget_contacts\" data-id=\"2223250\" data-element_type=\"widget\" data-e-type=\"widget\" data-widget_type=\"trx_widget_contacts.default\">\n\t\t\t\t<div class=\"elementor-widget-container\">\n\t\t\t\t\t<div id=\"trx_widget_contacts_38378282\" class=\"widget_area sc_widget_contacts\"><aside id=\"trx_widget_contacts_38378282_widget\" class=\"widget widget_contacts\"><div class=\"contacts_wrap\"><div class=\"contacts_description\"><p><a href=\"mailto:marketingbrasil@netsoft.com\">marketingbrasil@netsoft.com<\/a><\/p>\n<\/div><div class=\"contacts_info\"><a href=\"tel:+551151967147\" class=\"contacts_phone\">+55 11 5196 7147<\/a><\/div><\/div><!-- \/.contacts_wrap --><\/aside><\/div>\t\t\t\t<\/div>\n\t\t\t\t<\/div>\n\t\t\t\t<div class=\"elementor-element elementor-element-bf65d7b elementor-widget elementor-widget-text-editor\" data-id=\"bf65d7b\" data-element_type=\"widget\" data-e-type=\"widget\" data-widget_type=\"text-editor.default\">\n\t\t\t\t<div class=\"elementor-widget-container\">\n\t\t\t\t\t\t\t\t\t<p>M\u00e9xico<\/p>\t\t\t\t\t\t\t\t<\/div>\n\t\t\t\t<\/div>\n\t\t\t\t<div class=\"elementor-element elementor-element-a7abf11 elementor-widget elementor-widget-text-editor\" data-id=\"a7abf11\" data-element_type=\"widget\" data-e-type=\"widget\" data-widget_type=\"text-editor.default\">\n\t\t\t\t<div class=\"elementor-widget-container\">\n\t\t\t\t\t\t\t\t\tCiudad de M\u00e9xico\t\t\t\t\t\t\t\t<\/div>\n\t\t\t\t<\/div>\n\t\t\t\t<div class=\"elementor-element elementor-element-ed9f63e elementor-widget elementor-widget-text-editor\" data-id=\"ed9f63e\" data-element_type=\"widget\" data-e-type=\"widget\" data-widget_type=\"text-editor.default\">\n\t\t\t\t<div class=\"elementor-widget-container\">\n\t\t\t\t\t\t\t\t\t<p>Av. Insurgentes Sur 1685, Piso 2, Guadalupe Inn, C.P. 01020<\/p>\t\t\t\t\t\t\t\t<\/div>\n\t\t\t\t<\/div>\n\t\t\t\t<div class=\"elementor-element elementor-element-f329d9e elementor-widget elementor-widget-trx_widget_contacts\" data-id=\"f329d9e\" data-element_type=\"widget\" data-e-type=\"widget\" data-widget_type=\"trx_widget_contacts.default\">\n\t\t\t\t<div class=\"elementor-widget-container\">\n\t\t\t\t\t<div id=\"trx_widget_contacts_1488087857\" class=\"widget_area sc_widget_contacts\"><aside id=\"trx_widget_contacts_1488087857_widget\" class=\"widget widget_contacts\"><div class=\"contacts_wrap\"><div class=\"contacts_description\"><p><a href=\"mailto:informacion@netsoft.com\">informacion@netsoft.com<\/a><\/p>\n<\/div><div class=\"contacts_info\"><a href=\"tel:+525536262977\" class=\"contacts_phone\">+52 55 3626 2977<\/a><\/div><\/div><!-- \/.contacts_wrap --><\/aside><\/div>\t\t\t\t<\/div>\n\t\t\t\t<\/div>\n\t\t\t\t\t<\/div>\n\t\t<\/div>\n\t\t\t\t<div class=\"elementor-column elementor-col-50 elementor-top-column elementor-element elementor-element-c60e489 sc_layouts_column_icons_position_left\" data-id=\"c60e489\" data-element_type=\"column\" data-e-type=\"column\">\n\t\t\t<div class=\"elementor-widget-wrap elementor-element-populated\">\n\t\t\t\t\t\t<div class=\"elementor-element elementor-element-3e73084 elementor-widget elementor-widget-text-editor\" data-id=\"3e73084\" data-element_type=\"widget\" data-e-type=\"widget\" data-widget_type=\"text-editor.default\">\n\t\t\t\t<div class=\"elementor-widget-container\">\n\t\t\t\t\t\t\t\t\t<p>Colombia<\/p>\t\t\t\t\t\t\t\t<\/div>\n\t\t\t\t<\/div>\n\t\t\t\t<div class=\"elementor-element elementor-element-12d14fd elementor-widget elementor-widget-text-editor\" data-id=\"12d14fd\" data-element_type=\"widget\" data-e-type=\"widget\" data-widget_type=\"text-editor.default\">\n\t\t\t\t<div class=\"elementor-widget-container\">\n\t\t\t\t\t\t\t\t\tCarrera 7ma No. 127 \u2013 48 Of. 906 Bogot\u00e1, Colombia.\t\t\t\t\t\t\t\t<\/div>\n\t\t\t\t<\/div>\n\t\t\t\t<div class=\"elementor-element elementor-element-f801549 elementor-widget elementor-widget-trx_widget_contacts\" data-id=\"f801549\" data-element_type=\"widget\" data-e-type=\"widget\" data-widget_type=\"trx_widget_contacts.default\">\n\t\t\t\t<div class=\"elementor-widget-container\">\n\t\t\t\t\t<div id=\"trx_widget_contacts_294208071\" class=\"widget_area sc_widget_contacts\"><aside id=\"trx_widget_contacts_294208071_widget\" class=\"widget widget_contacts\"><div class=\"contacts_wrap\"><div class=\"contacts_description\"><p><a href=\"mailto:informacion@netsoft.com\">informacion@netsoft.com<\/a><\/p>\n<\/div><div class=\"contacts_info\"><a href=\"tel:+5716471409\" class=\"contacts_phone\">+57 1647 1409<\/a><\/div><\/div><!-- \/.contacts_wrap --><\/aside><\/div>\t\t\t\t<\/div>\n\t\t\t\t<\/div>\n\t\t\t\t<div class=\"elementor-element elementor-element-d19e8f4 elementor-widget elementor-widget-text-editor\" data-id=\"d19e8f4\" data-element_type=\"widget\" data-e-type=\"widget\" data-widget_type=\"text-editor.default\">\n\t\t\t\t<div class=\"elementor-widget-container\">\n\t\t\t\t\t\t\t\t\t<p>PAnam\u00e1<\/p>\t\t\t\t\t\t\t\t<\/div>\n\t\t\t\t<\/div>\n\t\t\t\t<div class=\"elementor-element elementor-element-e58db7a elementor-widget elementor-widget-text-editor\" data-id=\"e58db7a\" data-element_type=\"widget\" data-e-type=\"widget\" data-widget_type=\"text-editor.default\">\n\t\t\t\t<div class=\"elementor-widget-container\">\n\t\t\t\t\t\t\t\t\t<p>O barrio, Calle 54, del piso 26, PH Atrium Tower, Piso 26<\/p>\t\t\t\t\t\t\t\t<\/div>\n\t\t\t\t<\/div>\n\t\t\t\t<div class=\"elementor-element elementor-element-cc949be elementor-widget elementor-widget-trx_widget_contacts\" data-id=\"cc949be\" data-element_type=\"widget\" data-e-type=\"widget\" data-widget_type=\"trx_widget_contacts.default\">\n\t\t\t\t<div class=\"elementor-widget-container\">\n\t\t\t\t\t<div id=\"trx_widget_contacts_1406025859\" class=\"widget_area sc_widget_contacts\"><aside id=\"trx_widget_contacts_1406025859_widget\" class=\"widget widget_contacts\"><div class=\"contacts_wrap\"><div class=\"contacts_description\"><p><a href=\"mailto:informacion@netsoft.com\">informacion@netsoft.com<\/a><\/p>\n<\/div><div class=\"contacts_info\"><a href=\"tel:+525536262977\" class=\"contacts_phone\">+52 55 3626 2977<\/a><\/div><\/div><!-- \/.contacts_wrap --><\/aside><\/div>\t\t\t\t<\/div>\n\t\t\t\t<\/div>\n\t\t\t\t\t<\/div>\n\t\t<\/div>\n\t\t\t\t\t<\/div>\n\t\t<\/section>\n\t\t<div class=\"elementor-element elementor-element-0304e67 e-flex e-con-boxed e-con e-parent\" data-id=\"0304e67\" data-element_type=\"container\" data-e-type=\"container\">\n\t\t\t\t\t<div class=\"e-con-inner\">\n\t\t\t\t<div class=\"elementor-element elementor-element-59075ac elementor-widget elementor-widget-hubspot-form\" data-id=\"59075ac\" data-element_type=\"widget\" data-e-type=\"widget\" data-widget_type=\"hubspot-form.default\">\n\t\t\t\t<div class=\"elementor-widget-container\">\n\t\t\t\t\t\n\t\t\t<div\n\t\t\tclass=\"hs-form-frame\"\n\t\t\tdata-region=\"na1\"\n\t\t\tdata-form-id=\"e1fdb309-b43d-4e39-91c0-45092b18b294\"\n\t\t\tdata-portal-id=\"50735268\"\n\t\t\t >\n\t\t\t<\/div>\n\t\t\t\t\t\t\t<\/div>\n\t\t\t\t<\/div>\n\t\t\t\t\t<\/div>\n\t\t\t\t<\/div>\n\t\t\t\t<\/div>\n\t\t","protected":false},"excerpt":{"rendered":"<p>Contato Brasil Av. Das Na\u00e7\u00f5es Unidas, 14261 \u2013 Ala B, 25 Andar Vila Gertrudes S\u00e3o Paulo, SP 04794-000 marketingbrasil@netsoft.com +55 11 5196 7147 M\u00e9xico Ciudad de M\u00e9xico Av. Insurgentes&hellip;<\/p>\n","protected":false},"author":1,"featured_media":0,"parent":0,"menu_order":0,"comment_status":"closed","ping_status":"closed","template":"","meta":{"content-type":"","_joinchat":[],"footnotes":""},"class_list":["post-3212","page","type-page","status-publish","hentry"],"yoast_head":"<!-- This site is optimized with the Yoast SEO plugin v27.2 - https:\/\/yoast.com\/product\/yoast-seo-wordpress\/ -->\n<title>Contato - Netsoft<\/title>\n<meta name=\"robots\" content=\"noindex, follow, max-snippet:-1, max-image-preview:large, max-video-preview:-1\" \/>\n<meta property=\"og:locale\" content=\"pt_BR\" \/>\n<meta property=\"og:type\" content=\"article\" \/>\n<meta property=\"og:title\" content=\"Contato - Netsoft\" \/>\n<meta property=\"og:description\" content=\"Contato Brasil Av. Das Na\u00e7\u00f5es Unidas, 14261 \u2013 Ala B, 25 Andar Vila Gertrudes S\u00e3o Paulo, SP 04794-000 marketingbrasil@netsoft.com +55 11 5196 7147 M\u00e9xico Ciudad de M\u00e9xico Av. Insurgentes&hellip;\" \/>\n<meta property=\"og:url\" content=\"https:\/\/netsoft.com\/br\/contato\/\" \/>\n<meta property=\"og:site_name\" content=\"Netsoft\" \/>\n<meta property=\"article:modified_time\" content=\"2026-03-24T20:55:48+00:00\" \/>\n<meta name=\"twitter:card\" content=\"summary_large_image\" \/>\n<meta name=\"twitter:label1\" content=\"Est. tempo de leitura\" \/>\n\t<meta name=\"twitter:data1\" content=\"1 minuto\" \/>\n<script type=\"application\/ld+json\" class=\"yoast-schema-graph\">{\"@context\":\"https:\/\/schema.org\",\"@graph\":[{\"@type\":\"WebPage\",\"@id\":\"https:\/\/netsoft.com\/br\/contato\/\",\"url\":\"https:\/\/netsoft.com\/br\/contato\/\",\"name\":\"Contato - Netsoft\",\"isPartOf\":{\"@id\":\"https:\/\/netsoft.com\/br\/#website\"},\"datePublished\":\"2025-12-23T16:57:24+00:00\",\"dateModified\":\"2026-03-24T20:55:48+00:00\",\"breadcrumb\":{\"@id\":\"https:\/\/netsoft.com\/br\/contato\/#breadcrumb\"},\"inLanguage\":\"pt-BR\",\"potentialAction\":[{\"@type\":\"ReadAction\",\"target\":[\"https:\/\/netsoft.com\/br\/contato\/\"]}]},{\"@type\":\"BreadcrumbList\",\"@id\":\"https:\/\/netsoft.com\/br\/contato\/#breadcrumb\",\"itemListElement\":[{\"@type\":\"ListItem\",\"position\":1,\"name\":\"Inicio\",\"item\":\"https:\/\/netsoft.com\/br\/\"},{\"@type\":\"ListItem\",\"position\":2,\"name\":\"Contato\"}]},{\"@type\":\"WebSite\",\"@id\":\"https:\/\/netsoft.com\/br\/#website\",\"url\":\"https:\/\/netsoft.com\/br\/\",\"name\":\"Netsoft\",\"description\":\"\",\"publisher\":{\"@id\":\"https:\/\/netsoft.com\/br\/#organization\"},\"potentialAction\":[{\"@type\":\"SearchAction\",\"target\":{\"@type\":\"EntryPoint\",\"urlTemplate\":\"https:\/\/netsoft.com\/br\/?s={search_term_string}\"},\"query-input\":{\"@type\":\"PropertyValueSpecification\",\"valueRequired\":true,\"valueName\":\"search_term_string\"}}],\"inLanguage\":\"pt-BR\"},{\"@type\":\"Organization\",\"@id\":\"https:\/\/netsoft.com\/br\/#organization\",\"name\":\"Netsoft\",\"url\":\"https:\/\/netsoft.com\/br\/\",\"logo\":{\"@type\":\"ImageObject\",\"inLanguage\":\"pt-BR\",\"@id\":\"https:\/\/netsoft.com\/br\/#\/schema\/logo\/image\/\",\"url\":\"https:\/\/netsoft.com\/br\/wp-content\/uploads\/2018\/08\/logo-netsoft.svg\",\"contentUrl\":\"https:\/\/netsoft.com\/br\/wp-content\/uploads\/2018\/08\/logo-netsoft.svg\",\"width\":1770,\"height\":660,\"caption\":\"Netsoft\"},\"image\":{\"@id\":\"https:\/\/netsoft.com\/br\/#\/schema\/logo\/image\/\"}}]}<\/script>\n<!-- \/ Yoast SEO plugin. -->","yoast_head_json":{"title":"Contato - Netsoft","robots":{"index":"noindex","follow":"follow","max-snippet":"max-snippet:-1","max-image-preview":"max-image-preview:large","max-video-preview":"max-video-preview:-1"},"og_locale":"pt_BR","og_type":"article","og_title":"Contato - Netsoft","og_description":"Contato Brasil Av. Das Na\u00e7\u00f5es Unidas, 14261 \u2013 Ala B, 25 Andar Vila Gertrudes S\u00e3o Paulo, SP 04794-000 marketingbrasil@netsoft.com +55 11 5196 7147 M\u00e9xico Ciudad de M\u00e9xico Av. Insurgentes&hellip;","og_url":"https:\/\/netsoft.com\/br\/contato\/","og_site_name":"Netsoft","article_modified_time":"2026-03-24T20:55:48+00:00","twitter_card":"summary_large_image","twitter_misc":{"Est. tempo de leitura":"1 minuto"},"schema":{"@context":"https:\/\/schema.org","@graph":[{"@type":"WebPage","@id":"https:\/\/netsoft.com\/br\/contato\/","url":"https:\/\/netsoft.com\/br\/contato\/","name":"Contato - Netsoft","isPartOf":{"@id":"https:\/\/netsoft.com\/br\/#website"},"datePublished":"2025-12-23T16:57:24+00:00","dateModified":"2026-03-24T20:55:48+00:00","breadcrumb":{"@id":"https:\/\/netsoft.com\/br\/contato\/#breadcrumb"},"inLanguage":"pt-BR","potentialAction":[{"@type":"ReadAction","target":["https:\/\/netsoft.com\/br\/contato\/"]}]},{"@type":"BreadcrumbList","@id":"https:\/\/netsoft.com\/br\/contato\/#breadcrumb","itemListElement":[{"@type":"ListItem","position":1,"name":"Inicio","item":"https:\/\/netsoft.com\/br\/"},{"@type":"ListItem","position":2,"name":"Contato"}]},{"@type":"WebSite","@id":"https:\/\/netsoft.com\/br\/#website","url":"https:\/\/netsoft.com\/br\/","name":"Netsoft","description":"","publisher":{"@id":"https:\/\/netsoft.com\/br\/#organization"},"potentialAction":[{"@type":"SearchAction","target":{"@type":"EntryPoint","urlTemplate":"https:\/\/netsoft.com\/br\/?s={search_term_string}"},"query-input":{"@type":"PropertyValueSpecification","valueRequired":true,"valueName":"search_term_string"}}],"inLanguage":"pt-BR"},{"@type":"Organization","@id":"https:\/\/netsoft.com\/br\/#organization","name":"Netsoft","url":"https:\/\/netsoft.com\/br\/","logo":{"@type":"ImageObject","inLanguage":"pt-BR","@id":"https:\/\/netsoft.com\/br\/#\/schema\/logo\/image\/","url":"https:\/\/netsoft.com\/br\/wp-content\/uploads\/2018\/08\/logo-netsoft.svg","contentUrl":"https:\/\/netsoft.com\/br\/wp-content\/uploads\/2018\/08\/logo-netsoft.svg","width":1770,"height":660,"caption":"Netsoft"},"image":{"@id":"https:\/\/netsoft.com\/br\/#\/schema\/logo\/image\/"}}]}},"_links":{"self":[{"href":"https:\/\/netsoft.com\/br\/wp-json\/wp\/v2\/pages\/3212","targetHints":{"allow":["GET"]}}],"collection":[{"href":"https:\/\/netsoft.com\/br\/wp-json\/wp\/v2\/pages"}],"about":[{"href":"https:\/\/netsoft.com\/br\/wp-json\/wp\/v2\/types\/page"}],"author":[{"embeddable":true,"href":"https:\/\/netsoft.com\/br\/wp-json\/wp\/v2\/users\/1"}],"replies":[{"embeddable":true,"href":"https:\/\/netsoft.com\/br\/wp-json\/wp\/v2\/comments?post=3212"}],"version-history":[{"count":53,"href":"https:\/\/netsoft.com\/br\/wp-json\/wp\/v2\/pages\/3212\/revisions"}],"predecessor-version":[{"id":14468,"href":"https:\/\/netsoft.com\/br\/wp-json\/wp\/v2\/pages\/3212\/revisions\/14468"}],"wp:attachment":[{"href":"https:\/\/netsoft.com\/br\/wp-json\/wp\/v2\/media?parent=3212"}],"curies":[{"name":"wp","href":"https:\/\/api.w.org\/{rel}","templated":true}]}}