{"id":2732,"date":"2025-11-09T15:04:46","date_gmt":"2025-11-09T21:04:46","guid":{"rendered":"https:\/\/netsoft.com\/col\/?page_id=2732"},"modified":"2026-01-27T12:45:44","modified_gmt":"2026-01-27T18:45:44","slug":"suitesuccess","status":"publish","type":"page","link":"https:\/\/netsoft.com\/col\/suitesuccess\/","title":{"rendered":"Suitesuccess"},"content":{"rendered":"\t\t<div data-elementor-type=\"wp-post\" data-elementor-id=\"2732\" class=\"elementor elementor-2732\" data-elementor-post-type=\"page\">\n\t\t\t\t\t\t<section class=\"elementor-section elementor-top-section elementor-element elementor-element-1f27182 elementor-section-stretched sc_bg_mask_5 elementor-section-boxed elementor-section-height-default elementor-section-height-default\" data-id=\"1f27182\" data-element_type=\"section\" data-e-type=\"section\" data-settings=\"{&quot;stretch_section&quot;:&quot;section-stretched&quot;,&quot;background_background&quot;:&quot;classic&quot;}\">\n\t\t\t\t\t\t<div class=\"elementor-container elementor-column-gap-extended\">\n\t\t\t\t\t<div class=\"elementor-column elementor-col-100 elementor-top-column elementor-element elementor-element-64996d2 sc_layouts_column_icons_position_left\" data-id=\"64996d2\" data-element_type=\"column\" data-e-type=\"column\">\n\t\t\t<div class=\"elementor-widget-wrap elementor-element-populated\">\n\t\t\t\t\t\t<div class=\"elementor-element elementor-element-2cde5e0 scheme_dark elementor-invisible elementor-widget elementor-widget-trx_sc_title\" data-id=\"2cde5e0\" data-element_type=\"widget\" data-e-type=\"widget\" data-settings=\"{&quot;_animation&quot;:&quot;fadeInDown&quot;}\" data-widget_type=\"trx_sc_title.default\">\n\t\t\t\t<div class=\"elementor-widget-container\">\n\t\t\t\t\t<div id=\"trx_sc_title_1525170061\"\r\n\t\tclass=\"sc_title scheme_dark sc_title_default\"><h6 class=\"sc_item_subtitle sc_title_subtitle sc_align_center sc_item_title_style_default\">Maximiza tu ROI y libera a tu equipo de la complejidad operativa para una mayor eficiencia en todos los procesos de la compa\u00f1\u00eda.<\/h6><h1 class=\"sc_item_title sc_title_title sc_align_center sc_item_title_style_default sc_item_title_tag\">Suitesuccess soluci\u00f3n integral dise\u00f1ada que ayuda a las empresas Colombianas que se encuentran en r\u00e1pido crecimiento<\/h1><div class=\"sc_item_descr sc_title_descr sc_align_center\"><\/div><\/div><!-- \/.sc_title -->\t\t\t\t<\/div>\n\t\t\t\t<\/div>\n\t\t\t\t\t<\/div>\n\t\t<\/div>\n\t\t\t\t\t<\/div>\n\t\t<\/section>\n\t\t\t\t<section class=\"elementor-section elementor-top-section elementor-element elementor-element-3b2af69 elementor-section-boxed elementor-section-height-default elementor-section-height-default\" data-id=\"3b2af69\" data-element_type=\"section\" data-e-type=\"section\">\n\t\t\t\t\t\t<div class=\"elementor-container elementor-column-gap-extended\">\n\t\t\t\t\t<div class=\"elementor-column elementor-col-100 elementor-top-column elementor-element elementor-element-3ddf75f sc_layouts_column_icons_position_left\" data-id=\"3ddf75f\" data-element_type=\"column\" data-e-type=\"column\">\n\t\t\t<div class=\"elementor-widget-wrap elementor-element-populated\">\n\t\t\t\t\t\t<div class=\"elementor-element elementor-element-afabc14 elementor-widget elementor-widget-heading\" data-id=\"afabc14\" data-element_type=\"widget\" data-e-type=\"widget\" data-widget_type=\"heading.default\">\n\t\t\t\t<div class=\"elementor-widget-container\">\n\t\t\t\t\t<h2 class=\"elementor-heading-title elementor-size-default\">BENEFICIOS DE UNA VISI\u00d3N 360\u00ba EN LA NUBE<\/h2>\t\t\t\t<\/div>\n\t\t\t\t<\/div>\n\t\t\t\t<div class=\"elementor-element elementor-element-0b5bb03 elementor-widget elementor-widget-spacer\" data-id=\"0b5bb03\" data-element_type=\"widget\" data-e-type=\"widget\" data-widget_type=\"spacer.default\">\n\t\t\t\t<div class=\"elementor-widget-container\">\n\t\t\t\t\t\t\t<div class=\"elementor-spacer\">\n\t\t\t<div class=\"elementor-spacer-inner\"><\/div>\n\t\t<\/div>\n\t\t\t\t\t\t<\/div>\n\t\t\t\t<\/div>\n\t\t\t\t<div class=\"elementor-element elementor-element-43bd6e9 elementor-widget elementor-widget-trx_sc_icons\" data-id=\"43bd6e9\" data-element_type=\"widget\" data-e-type=\"widget\" data-widget_type=\"trx_sc_icons.default\">\n\t\t\t\t<div class=\"elementor-widget-container\">\n\t\t\t\t\t<div id=\"trx_sc_icons_2130794135\" \r\n\tclass=\"sc_icons sc_icons_extra sc_icons_size_medium sc_align_center\"><div class=\"sc_icons_columns_wrap sc_item_columns trx_addons_columns_wrap columns_padding_bottom\"><div class=\"trx_addons_column-1_3\"><div class=\"sc_icons_item\"><div id=\"trx_sc_icons_2130794135_icon-radar\" class=\"sc_icons_icon sc_icon_type_ icon-radar\"><span class=\"sc_icon_type_ icon-radar\"><\/span><\/div><h4 class=\"sc_icons_item_title\"><span>eXPERIENCIAS ATRACTIVAS<\/span><\/h4><div class=\"sc_icons_item_description\"><span>Pasa de 0 a la nube en 100 d\u00edas con SuiteSuccess de la mano de Netsoft. soluciones preconfiguradas que te proporcionan una s\u00f3lida base.<\/span><\/div><\/div><\/div><div class=\"trx_addons_column-1_3\"><div class=\"sc_icons_item\"><div id=\"trx_sc_icons_2130794135_icon-diamond\" class=\"sc_icons_icon sc_icon_type_ icon-diamond\"><span class=\"sc_icon_type_ icon-diamond\"><\/span><\/div><h4 class=\"sc_icons_item_title\"><span>Paneles pre configurados<\/span><\/h4><div class=\"sc_icons_item_description\"><span>Una plataforma que cuenta con un conjunto de paneles, campos personalizados, roles y funcionalidades listos para usar.<\/span><\/div><\/div><\/div><div class=\"trx_addons_column-1_3\"><div class=\"sc_icons_item sc_icons_item_linked\"><div id=\"trx_sc_icons_2130794135_icon-settings\" class=\"sc_icons_icon sc_icon_type_ icon-settings\"><span class=\"sc_icon_type_ icon-settings\"><\/span><\/div><h4 class=\"sc_icons_item_title\"><span>Implementaci\u00f3n por etapas<\/span><\/h4><div class=\"sc_icons_item_description\"><span>Proporcionamos un enfoque \u00e1gil y por etapas al mismo tiempo que transformamos tu negocio con un dise\u00f1o elaborado a partir de nuestra experiencia.<\/span><\/div><a href=\"https:\/\/netsoft.com\/col\/our-portfolio\/\"\r\n\t\t\t\t\tclass=\"sc_icons_item_link\"><\/a><\/div><\/div><\/div><\/div><!-- \/.sc_icons -->\t\t\t\t<\/div>\n\t\t\t\t<\/div>\n\t\t\t\t<div class=\"elementor-element elementor-element-f3fc058 elementor-widget elementor-widget-spacer\" data-id=\"f3fc058\" data-element_type=\"widget\" data-e-type=\"widget\" data-widget_type=\"spacer.default\">\n\t\t\t\t<div class=\"elementor-widget-container\">\n\t\t\t\t\t\t\t<div class=\"elementor-spacer\">\n\t\t\t<div class=\"elementor-spacer-inner\"><\/div>\n\t\t<\/div>\n\t\t\t\t\t\t<\/div>\n\t\t\t\t<\/div>\n\t\t\t\t<div class=\"elementor-element elementor-element-bb9f4ff elementor-widget elementor-widget-trx_sc_icons\" data-id=\"bb9f4ff\" data-element_type=\"widget\" data-e-type=\"widget\" data-widget_type=\"trx_sc_icons.default\">\n\t\t\t\t<div class=\"elementor-widget-container\">\n\t\t\t\t\t<div id=\"trx_sc_icons_505752321\" \r\n\tclass=\"sc_icons sc_icons_extra sc_icons_size_medium sc_align_center\"><div class=\"sc_icons_columns_wrap sc_item_columns trx_addons_columns_wrap columns_padding_bottom\"><div class=\"trx_addons_column-1_3\"><div class=\"sc_icons_item sc_icons_item_linked\"><div id=\"trx_sc_icons_505752321_icon-laptop\" class=\"sc_icons_icon sc_icon_type_ icon-laptop\"><span class=\"sc_icon_type_ icon-laptop\"><\/span><\/div><h4 class=\"sc_icons_item_title\"><span>Inteligencia de negocios<\/span><\/h4><div class=\"sc_icons_item_description\"><span>Obt\u00e9n datos en vivo desde cualquier parte del mundo en cualquier momento con paneles de informaci\u00f3n y m\u00e9tricas de inteligencia de negocio BI.<\/span><\/div><a href=\"https:\/\/netsoft.com\/col\/our-portfolio\/\"\r\n\t\t\t\t\tclass=\"sc_icons_item_link\"><\/a><\/div><\/div><div class=\"trx_addons_column-1_3\"><div class=\"sc_icons_item sc_icons_item_linked\"><div id=\"trx_sc_icons_505752321_icon-desktop\" class=\"sc_icons_icon sc_icon_type_ icon-desktop\"><span class=\"sc_icon_type_ icon-desktop\"><\/span><\/div><h4 class=\"sc_icons_item_title\"><span>PLATAFORMA FLEXIBLE<\/span><\/h4><div class=\"sc_icons_item_description\"><span>Personalizaci\u00f3n para responder a las necesidades del sector y del negocio. SuiteSuccess te permite satisfacer requisitos \u00fanicos.<\/span><\/div><a href=\"https:\/\/netsoft.com\/col\/our-portfolio\/\"\r\n\t\t\t\t\tclass=\"sc_icons_item_link\"><\/a><\/div><\/div><div class=\"trx_addons_column-1_3\"><div class=\"sc_icons_item sc_icons_item_linked\"><div id=\"trx_sc_icons_505752321_icon-dollar\" class=\"sc_icons_icon sc_icon_type_ icon-dollar\"><span class=\"sc_icon_type_ icon-dollar\"><\/span><\/div><h4 class=\"sc_icons_item_title\"><span>R\u00c1PIDO RETORNO DE INVERSI\u00d2N<\/span><\/h4><div class=\"sc_icons_item_description\"><span>El mantenimiento simplificado elimina la necesidad de una infraestructura de TI y un soporte costoso al mantener el sistema siempre actualizado.<\/span><\/div><a href=\"https:\/\/netsoft.com\/col\/our-portfolio\/\"\r\n\t\t\t\t\tclass=\"sc_icons_item_link\"><\/a><\/div><\/div><\/div><\/div><!-- \/.sc_icons -->\t\t\t\t<\/div>\n\t\t\t\t<\/div>\n\t\t\t\t\t<\/div>\n\t\t<\/div>\n\t\t\t\t\t<\/div>\n\t\t<\/section>\n\t\t\t\t<section class=\"elementor-section elementor-top-section elementor-element elementor-element-3ff2d15c elementor-section-stretched sc_bg_mask_5 elementor-section-boxed elementor-section-height-default elementor-section-height-default\" data-id=\"3ff2d15c\" data-element_type=\"section\" data-e-type=\"section\" data-settings=\"{&quot;stretch_section&quot;:&quot;section-stretched&quot;,&quot;background_background&quot;:&quot;classic&quot;}\">\n\t\t\t\t\t\t<div class=\"elementor-container elementor-column-gap-extended\">\n\t\t\t\t\t<div class=\"elementor-column elementor-col-100 elementor-top-column elementor-element elementor-element-35a9a12c sc_layouts_column_icons_position_left\" data-id=\"35a9a12c\" data-element_type=\"column\" data-e-type=\"column\">\n\t\t\t<div class=\"elementor-widget-wrap elementor-element-populated\">\n\t\t\t\t\t\t<div class=\"elementor-element elementor-element-3ac88afd scheme_dark elementor-widget elementor-widget-trx_sc_title\" data-id=\"3ac88afd\" data-element_type=\"widget\" data-e-type=\"widget\" data-widget_type=\"trx_sc_title.default\">\n\t\t\t\t<div class=\"elementor-widget-container\">\n\t\t\t\t\t<div id=\"trx_sc_title_924488789\"\r\n\t\tclass=\"sc_title scheme_dark sc_title_default\"><h1 class=\"sc_item_title sc_title_title sc_align_center sc_item_title_style_default sc_item_title_tag\">La \u00fanica suite que convierte la gesti\u00f3n en \u00e9xito garantizado.<\/h1><\/div><!-- \/.sc_title -->\t\t\t\t<\/div>\n\t\t\t\t<\/div>\n\t\t\t\t<div class=\"elementor-element elementor-element-bbf9596 elementor-widget__width-inherit elementor-align-center elementor-widget elementor-widget-button\" data-id=\"bbf9596\" data-element_type=\"widget\" data-e-type=\"widget\" data-widget_type=\"button.default\">\n\t\t\t\t<div class=\"elementor-widget-container\">\n\t\t\t\t\t\t\t\t\t<div class=\"elementor-button-wrapper\">\n\t\t\t\t\t<a class=\"elementor-button elementor-button-link elementor-size-sm\" href=\"#elementor-action%3Aaction%3Dpopup%3Aopen%26settings%3DeyJpZCI6IjMzNjIiLCJ0b2dnbGUiOmZhbHNlfQ%3D%3D\">\n\t\t\t\t\t\t<span class=\"elementor-button-content-wrapper\">\n\t\t\t\t\t\t\t\t\t<span class=\"elementor-button-text\">Agenda tu sesi\u00f3n estrat\u00e9gica<\/span>\n\t\t\t\t\t<\/span>\n\t\t\t\t\t<\/a>\n\t\t\t\t<\/div>\n\t\t\t\t\t\t\t\t<\/div>\n\t\t\t\t<\/div>\n\t\t\t\t\t<\/div>\n\t\t<\/div>\n\t\t\t\t\t<\/div>\n\t\t<\/section>\n\t\t\t\t<section class=\"elementor-section elementor-top-section elementor-element elementor-element-9e41e86 elementor-section-stretched scheme_default elementor-section-boxed elementor-section-height-default elementor-section-height-default\" data-id=\"9e41e86\" data-element_type=\"section\" data-e-type=\"section\" data-settings=\"{&quot;stretch_section&quot;:&quot;section-stretched&quot;,&quot;background_background&quot;:&quot;classic&quot;}\">\n\t\t\t\t\t\t<div class=\"elementor-container elementor-column-gap-extended\">\n\t\t\t\t\t<div class=\"elementor-column elementor-col-50 elementor-top-column elementor-element elementor-element-c56b80e sc_layouts_column_icons_position_left\" data-id=\"c56b80e\" data-element_type=\"column\" data-e-type=\"column\">\n\t\t\t<div class=\"elementor-widget-wrap elementor-element-populated\">\n\t\t\t\t\t\t<div class=\"elementor-element elementor-element-a4c431d elementor-widget elementor-widget-spacer\" data-id=\"a4c431d\" data-element_type=\"widget\" data-e-type=\"widget\" data-widget_type=\"spacer.default\">\n\t\t\t\t<div class=\"elementor-widget-container\">\n\t\t\t\t\t\t\t<div class=\"elementor-spacer\">\n\t\t\t<div class=\"elementor-spacer-inner\"><\/div>\n\t\t<\/div>\n\t\t\t\t\t\t<\/div>\n\t\t\t\t<\/div>\n\t\t\t\t<div class=\"elementor-element elementor-element-f02a480 elementor-widget elementor-widget-trx_sc_title\" data-id=\"f02a480\" data-element_type=\"widget\" data-e-type=\"widget\" data-widget_type=\"trx_sc_title.default\">\n\t\t\t\t<div class=\"elementor-widget-container\">\n\t\t\t\t\t<div id=\"trx_sc_title_2095603577\"\r\n\t\tclass=\"sc_title sc_title_accent\"><h6 class=\"sc_item_subtitle sc_title_subtitle sc_align_none sc_item_title_style_accent\">NetSUITE SUITESUCCESS<\/h6><h2 class=\"sc_item_title sc_title_title sc_align_none sc_item_title_style_accent\">El enfoque por etapas inteligente basado en la \u201cescalera\u201d de SuiteSuccess Colombia<\/h2><div class=\"sc_item_descr sc_title_descr sc_align_none\"><p>Mejores pr\u00e1cticas para cada sector y rol, incluyendo flujos de trabajo, KPIs, informes, paneles de informaci\u00f3n y m\u00e9tricas personalizables desde el contacto de ventas inicial, hasta el soporte continuo.<\/p>\n<\/div><a href=\"https:\/\/calendar.google.com\/calendar\/u\/0\/appointments\/schedules\/AcZssZ1bvdVupgNJXKZB_FIN2JwtYcMwbUyDshApYYSpejE70gYEvvVSt_tvygY7QpVK5RXcXYsUnzS8\" id=\"sc_button_1089580193\" class=\"sc_button sc_button_default sc_item_button sc_item_button_default sc_title_button sc_button_size_normal sc_button_icon_left\" target=\"_blank\"><span class=\"sc_button_text\"><span class=\"sc_button_title\">SOLICITA UNA DEMO<\/span><\/span><!-- \/.sc_button_text --><\/a><!-- \/.sc_button --><\/div><!-- \/.sc_title -->\t\t\t\t<\/div>\n\t\t\t\t<\/div>\n\t\t\t\t<div class=\"elementor-element elementor-element-5b8228d4 elementor-widget elementor-widget-spacer\" data-id=\"5b8228d4\" data-element_type=\"widget\" data-e-type=\"widget\" data-widget_type=\"spacer.default\">\n\t\t\t\t<div class=\"elementor-widget-container\">\n\t\t\t\t\t\t\t<div class=\"elementor-spacer\">\n\t\t\t<div class=\"elementor-spacer-inner\"><\/div>\n\t\t<\/div>\n\t\t\t\t\t\t<\/div>\n\t\t\t\t<\/div>\n\t\t\t\t\t<\/div>\n\t\t<\/div>\n\t\t\t\t<div class=\"elementor-column elementor-col-50 elementor-top-column elementor-element elementor-element-ab4b288 sc_layouts_column_icons_position_left\" data-id=\"ab4b288\" data-element_type=\"column\" data-e-type=\"column\">\n\t\t\t<div class=\"elementor-widget-wrap elementor-element-populated\">\n\t\t\t\t\t\t<div class=\"elementor-element elementor-element-77455ab elementor-widget elementor-widget-image\" data-id=\"77455ab\" data-element_type=\"widget\" data-e-type=\"widget\" data-widget_type=\"image.default\">\n\t\t\t\t<div class=\"elementor-widget-container\">\n\t\t\t\t\t\t\t\t\t\t\t\t\t\t\t<img fetchpriority=\"high\" decoding=\"async\" width=\"441\" height=\"389\" src=\"https:\/\/netsoft.com\/col\/wp-content\/uploads\/2025\/11\/pic2.png\" class=\"attachment-2048x2048 size-2048x2048 wp-image-2054\" alt=\"\" srcset=\"https:\/\/netsoft.com\/col\/wp-content\/uploads\/2025\/11\/pic2.png 441w, https:\/\/netsoft.com\/col\/wp-content\/uploads\/2025\/11\/pic2-300x265.png 300w, https:\/\/netsoft.com\/col\/wp-content\/uploads\/2025\/11\/pic2-370x326.png 370w\" sizes=\"(max-width: 441px) 100vw, 441px\" \/>\t\t\t\t\t\t\t\t\t\t\t\t\t\t\t<\/div>\n\t\t\t\t<\/div>\n\t\t\t\t\t<\/div>\n\t\t<\/div>\n\t\t\t\t\t<\/div>\n\t\t<\/section>\n\t\t\t\t<\/div>\n\t\t","protected":false},"excerpt":{"rendered":"<p>Maximiza tu ROI y libera a tu equipo de la complejidad operativa para una mayor eficiencia en todos los procesos de la compa\u00f1\u00eda. Suitesuccess soluci\u00f3n integral dise\u00f1ada que ayuda&hellip;<\/p>\n","protected":false},"author":3,"featured_media":0,"parent":0,"menu_order":0,"comment_status":"closed","ping_status":"closed","template":"","meta":{"_joinchat":[],"footnotes":""},"class_list":["post-2732","page","type-page","status-publish","hentry"],"yoast_head":"<!-- This site is optimized with the Yoast SEO plugin v26.9 - https:\/\/yoast.com\/product\/yoast-seo-wordpress\/ -->\n<title>Suitesuccess - Netsoft<\/title>\n<meta name=\"robots\" content=\"index, follow, max-snippet:-1, max-image-preview:large, max-video-preview:-1\" \/>\n<link rel=\"canonical\" href=\"https:\/\/netsoft.com\/col\/suitesuccess\/\" \/>\n<meta property=\"og:locale\" content=\"es_MX\" \/>\n<meta property=\"og:type\" content=\"article\" \/>\n<meta property=\"og:title\" content=\"Suitesuccess - Netsoft\" \/>\n<meta property=\"og:description\" content=\"Maximiza tu ROI y libera a tu equipo de la complejidad operativa para una mayor eficiencia en todos los procesos de la compa\u00f1\u00eda. Suitesuccess soluci\u00f3n integral dise\u00f1ada que ayuda&hellip;\" \/>\n<meta property=\"og:url\" content=\"https:\/\/netsoft.com\/col\/suitesuccess\/\" \/>\n<meta property=\"og:site_name\" content=\"Netsoft\" \/>\n<meta property=\"article:modified_time\" content=\"2026-01-27T18:45:44+00:00\" \/>\n<meta property=\"og:image\" content=\"https:\/\/netsoft.com\/col\/wp-content\/uploads\/2025\/11\/pic2.png\" \/>\n\t<meta property=\"og:image:width\" content=\"441\" \/>\n\t<meta property=\"og:image:height\" content=\"389\" \/>\n\t<meta property=\"og:image:type\" content=\"image\/png\" \/>\n<meta name=\"twitter:card\" content=\"summary_large_image\" \/>\n<meta name=\"twitter:label1\" content=\"Tiempo de lectura\" \/>\n\t<meta name=\"twitter:data1\" content=\"2 minutos\" \/>\n<script type=\"application\/ld+json\" class=\"yoast-schema-graph\">{\"@context\":\"https:\/\/schema.org\",\"@graph\":[{\"@type\":\"WebPage\",\"@id\":\"https:\/\/netsoft.com\/col\/suitesuccess\/\",\"url\":\"https:\/\/netsoft.com\/col\/suitesuccess\/\",\"name\":\"Suitesuccess - Netsoft\",\"isPartOf\":{\"@id\":\"https:\/\/netsoft.com\/col\/#website\"},\"primaryImageOfPage\":{\"@id\":\"https:\/\/netsoft.com\/col\/suitesuccess\/#primaryimage\"},\"image\":{\"@id\":\"https:\/\/netsoft.com\/col\/suitesuccess\/#primaryimage\"},\"thumbnailUrl\":\"https:\/\/netsoft.com\/col\/wp-content\/uploads\/2025\/11\/pic2.png\",\"datePublished\":\"2025-11-09T21:04:46+00:00\",\"dateModified\":\"2026-01-27T18:45:44+00:00\",\"breadcrumb\":{\"@id\":\"https:\/\/netsoft.com\/col\/suitesuccess\/#breadcrumb\"},\"inLanguage\":\"es\",\"potentialAction\":[{\"@type\":\"ReadAction\",\"target\":[\"https:\/\/netsoft.com\/col\/suitesuccess\/\"]}]},{\"@type\":\"ImageObject\",\"inLanguage\":\"es\",\"@id\":\"https:\/\/netsoft.com\/col\/suitesuccess\/#primaryimage\",\"url\":\"https:\/\/netsoft.com\/col\/wp-content\/uploads\/2025\/11\/pic2.png\",\"contentUrl\":\"https:\/\/netsoft.com\/col\/wp-content\/uploads\/2025\/11\/pic2.png\",\"width\":441,\"height\":389},{\"@type\":\"BreadcrumbList\",\"@id\":\"https:\/\/netsoft.com\/col\/suitesuccess\/#breadcrumb\",\"itemListElement\":[{\"@type\":\"ListItem\",\"position\":1,\"name\":\"Inicio\",\"item\":\"https:\/\/netsoft.com\/col\/\"},{\"@type\":\"ListItem\",\"position\":2,\"name\":\"Suitesuccess\"}]},{\"@type\":\"WebSite\",\"@id\":\"https:\/\/netsoft.com\/col\/#website\",\"url\":\"https:\/\/netsoft.com\/col\/\",\"name\":\"Netsoft\",\"description\":\"\",\"publisher\":{\"@id\":\"https:\/\/netsoft.com\/col\/#organization\"},\"potentialAction\":[{\"@type\":\"SearchAction\",\"target\":{\"@type\":\"EntryPoint\",\"urlTemplate\":\"https:\/\/netsoft.com\/col\/?s={search_term_string}\"},\"query-input\":{\"@type\":\"PropertyValueSpecification\",\"valueRequired\":true,\"valueName\":\"search_term_string\"}}],\"inLanguage\":\"es\"},{\"@type\":\"Organization\",\"@id\":\"https:\/\/netsoft.com\/col\/#organization\",\"name\":\"Netsoft\",\"url\":\"https:\/\/netsoft.com\/col\/\",\"logo\":{\"@type\":\"ImageObject\",\"inLanguage\":\"es\",\"@id\":\"https:\/\/netsoft.com\/col\/#\/schema\/logo\/image\/\",\"url\":\"https:\/\/netsoft.com\/col\/wp-content\/uploads\/2018\/08\/logo-netsoft.svg\",\"contentUrl\":\"https:\/\/netsoft.com\/col\/wp-content\/uploads\/2018\/08\/logo-netsoft.svg\",\"width\":1770,\"height\":660,\"caption\":\"Netsoft\"},\"image\":{\"@id\":\"https:\/\/netsoft.com\/col\/#\/schema\/logo\/image\/\"}}]}<\/script>\n<!-- \/ Yoast SEO plugin. -->","yoast_head_json":{"title":"Suitesuccess - Netsoft","robots":{"index":"index","follow":"follow","max-snippet":"max-snippet:-1","max-image-preview":"max-image-preview:large","max-video-preview":"max-video-preview:-1"},"canonical":"https:\/\/netsoft.com\/col\/suitesuccess\/","og_locale":"es_MX","og_type":"article","og_title":"Suitesuccess - Netsoft","og_description":"Maximiza tu ROI y libera a tu equipo de la complejidad operativa para una mayor eficiencia en todos los procesos de la compa\u00f1\u00eda. Suitesuccess soluci\u00f3n integral dise\u00f1ada que ayuda&hellip;","og_url":"https:\/\/netsoft.com\/col\/suitesuccess\/","og_site_name":"Netsoft","article_modified_time":"2026-01-27T18:45:44+00:00","og_image":[{"width":441,"height":389,"url":"https:\/\/netsoft.com\/col\/wp-content\/uploads\/2025\/11\/pic2.png","type":"image\/png"}],"twitter_card":"summary_large_image","twitter_misc":{"Tiempo de lectura":"2 minutos"},"schema":{"@context":"https:\/\/schema.org","@graph":[{"@type":"WebPage","@id":"https:\/\/netsoft.com\/col\/suitesuccess\/","url":"https:\/\/netsoft.com\/col\/suitesuccess\/","name":"Suitesuccess - Netsoft","isPartOf":{"@id":"https:\/\/netsoft.com\/col\/#website"},"primaryImageOfPage":{"@id":"https:\/\/netsoft.com\/col\/suitesuccess\/#primaryimage"},"image":{"@id":"https:\/\/netsoft.com\/col\/suitesuccess\/#primaryimage"},"thumbnailUrl":"https:\/\/netsoft.com\/col\/wp-content\/uploads\/2025\/11\/pic2.png","datePublished":"2025-11-09T21:04:46+00:00","dateModified":"2026-01-27T18:45:44+00:00","breadcrumb":{"@id":"https:\/\/netsoft.com\/col\/suitesuccess\/#breadcrumb"},"inLanguage":"es","potentialAction":[{"@type":"ReadAction","target":["https:\/\/netsoft.com\/col\/suitesuccess\/"]}]},{"@type":"ImageObject","inLanguage":"es","@id":"https:\/\/netsoft.com\/col\/suitesuccess\/#primaryimage","url":"https:\/\/netsoft.com\/col\/wp-content\/uploads\/2025\/11\/pic2.png","contentUrl":"https:\/\/netsoft.com\/col\/wp-content\/uploads\/2025\/11\/pic2.png","width":441,"height":389},{"@type":"BreadcrumbList","@id":"https:\/\/netsoft.com\/col\/suitesuccess\/#breadcrumb","itemListElement":[{"@type":"ListItem","position":1,"name":"Inicio","item":"https:\/\/netsoft.com\/col\/"},{"@type":"ListItem","position":2,"name":"Suitesuccess"}]},{"@type":"WebSite","@id":"https:\/\/netsoft.com\/col\/#website","url":"https:\/\/netsoft.com\/col\/","name":"Netsoft","description":"","publisher":{"@id":"https:\/\/netsoft.com\/col\/#organization"},"potentialAction":[{"@type":"SearchAction","target":{"@type":"EntryPoint","urlTemplate":"https:\/\/netsoft.com\/col\/?s={search_term_string}"},"query-input":{"@type":"PropertyValueSpecification","valueRequired":true,"valueName":"search_term_string"}}],"inLanguage":"es"},{"@type":"Organization","@id":"https:\/\/netsoft.com\/col\/#organization","name":"Netsoft","url":"https:\/\/netsoft.com\/col\/","logo":{"@type":"ImageObject","inLanguage":"es","@id":"https:\/\/netsoft.com\/col\/#\/schema\/logo\/image\/","url":"https:\/\/netsoft.com\/col\/wp-content\/uploads\/2018\/08\/logo-netsoft.svg","contentUrl":"https:\/\/netsoft.com\/col\/wp-content\/uploads\/2018\/08\/logo-netsoft.svg","width":1770,"height":660,"caption":"Netsoft"},"image":{"@id":"https:\/\/netsoft.com\/col\/#\/schema\/logo\/image\/"}}]}},"_links":{"self":[{"href":"https:\/\/netsoft.com\/col\/wp-json\/wp\/v2\/pages\/2732","targetHints":{"allow":["GET"]}}],"collection":[{"href":"https:\/\/netsoft.com\/col\/wp-json\/wp\/v2\/pages"}],"about":[{"href":"https:\/\/netsoft.com\/col\/wp-json\/wp\/v2\/types\/page"}],"author":[{"embeddable":true,"href":"https:\/\/netsoft.com\/col\/wp-json\/wp\/v2\/users\/3"}],"replies":[{"embeddable":true,"href":"https:\/\/netsoft.com\/col\/wp-json\/wp\/v2\/comments?post=2732"}],"version-history":[{"count":36,"href":"https:\/\/netsoft.com\/col\/wp-json\/wp\/v2\/pages\/2732\/revisions"}],"predecessor-version":[{"id":13976,"href":"https:\/\/netsoft.com\/col\/wp-json\/wp\/v2\/pages\/2732\/revisions\/13976"}],"wp:attachment":[{"href":"https:\/\/netsoft.com\/col\/wp-json\/wp\/v2\/media?parent=2732"}],"curies":[{"name":"wp","href":"https:\/\/api.w.org\/{rel}","templated":true}]}}